{"id":68,"date":"2020-11-29T15:28:17","date_gmt":"2020-11-29T15:28:17","guid":{"rendered":"https:\/\/20cdigital.websnebrija.es\/lacoletera\/?page_id=68"},"modified":"2021-01-01T11:15:51","modified_gmt":"2021-01-01T11:15:51","slug":"tendencias","status":"publish","type":"page","link":"https:\/\/20cdigital.websnebrija.es\/lacoletera\/?page_id=68","title":{"rendered":"Tendencias"},"content":{"rendered":"\n<figure class=\"wp-block-pullquote is-style-solid-color\"><blockquote class=\"has-text-color has-black-color\"><p>COLETEROS GIGANTES<\/p><cite><a href=\"https:\/\/20cdigital.websnebrija.es\/lacoletera\/?p=256\">SABER M\u00c1S<\/a><\/cite><\/blockquote><\/figure>\n\n\n\n<figure class=\"wp-block-pullquote has-background has-white-background-color is-style-solid-color\"><blockquote class=\"has-text-color has-black-color\"><p>COLETEROS DE PELO EFECTO PELO DE ANIMAL<\/p><cite><a href=\"https:\/\/20cdigital.websnebrija.es\/lacoletera\/?p=218\">SABER M\u00c1S<\/a><\/cite><\/blockquote><\/figure>\n\n\n\n<figure class=\"wp-block-pullquote has-background has-white-background-color is-style-solid-color\"><blockquote class=\"has-text-color has-black-color\"><p>COLETEROS DE PANA<\/p><cite><a href=\"https:\/\/20cdigital.websnebrija.es\/lacoletera\/?p=223\">SABER M\u00c1S<\/a><\/cite><\/blockquote><\/figure>\n\n\n\n<figure class=\"wp-block-pullquote has-background has-white-background-color is-style-solid-color\"><blockquote class=\"has-text-color has-black-color\"><p>COLETEROS DE CUADROS<\/p><cite><a href=\"https:\/\/20cdigital.websnebrija.es\/lacoletera\/?p=221\">SABER M\u00c1S<\/a><\/cite><\/blockquote><\/figure>\n\n\n\n<figure class=\"wp-block-pullquote has-background has-white-background-color is-style-solid-color\"><blockquote class=\"has-text-color has-black-color\"><p>COLETEROS EFECTO SATINADO<\/p><cite><a href=\"https:\/\/20cdigital.websnebrija.es\/lacoletera\/?p=229\">SABER M\u00c1S<\/a><\/cite><\/blockquote><\/figure>\n\n\n\n<figure class=\"wp-block-pullquote has-background has-white-background-color is-style-solid-color\"><blockquote class=\"has-text-color has-black-color\"><p>COLETEROS DE TERCIOPELO<\/p><cite><a href=\"https:\/\/20cdigital.websnebrija.es\/lacoletera\/?p=231\">SABER M\u00c1S<\/a><\/cite><\/blockquote><\/figure>\n","protected":false},"excerpt":{"rendered":"<p>COLETEROS GIGANTES SABER M\u00c1S COLETEROS DE PELO EFECTO PELO DE ANIMAL SABER M\u00c1S COLETEROS DE PANA SABER M\u00c1S COLETEROS DE CUADROS SABER M\u00c1S COLETEROS EFECTO SATINADO SABER M\u00c1S COLETEROS DE TERCIOPELO SABER M\u00c1S<\/p>\n","protected":false},"author":1,"featured_media":0,"parent":0,"menu_order":0,"comment_status":"closed","ping_status":"closed","template":"","meta":{"footnotes":""},"class_list":["post-68","page","type-page","status-publish","hentry"],"yoast_head":"<!-- This site is optimized with the Yoast SEO plugin v27.3 - https:\/\/yoast.com\/product\/yoast-seo-wordpress\/ -->\n<title>Tendencias - La Coletera<\/title>\n<meta name=\"robots\" content=\"index, follow, max-snippet:-1, max-image-preview:large, max-video-preview:-1\" \/>\n<link rel=\"canonical\" href=\"https:\/\/20cdigital.websnebrija.es\/lacoletera\/?page_id=68\" \/>\n<meta property=\"og:locale\" content=\"es_ES\" \/>\n<meta property=\"og:type\" content=\"article\" \/>\n<meta property=\"og:title\" content=\"Tendencias - La Coletera\" \/>\n<meta property=\"og:description\" content=\"COLETEROS GIGANTES SABER M\u00c1S COLETEROS DE PELO EFECTO PELO DE ANIMAL SABER M\u00c1S COLETEROS DE PANA SABER M\u00c1S COLETEROS DE CUADROS SABER M\u00c1S COLETEROS EFECTO SATINADO SABER M\u00c1S COLETEROS DE TERCIOPELO SABER M\u00c1S\" \/>\n<meta property=\"og:url\" content=\"https:\/\/20cdigital.websnebrija.es\/lacoletera\/?page_id=68\" \/>\n<meta property=\"og:site_name\" content=\"La Coletera\" \/>\n<meta property=\"article:modified_time\" content=\"2021-01-01T11:15:51+00:00\" \/>\n<meta name=\"twitter:card\" content=\"summary_large_image\" \/>\n<script type=\"application\/ld+json\" class=\"yoast-schema-graph\">{\"@context\":\"https:\\\/\\\/schema.org\",\"@graph\":[{\"@type\":\"WebPage\",\"@id\":\"https:\\\/\\\/20cdigital.websnebrija.es\\\/lacoletera\\\/?page_id=68\",\"url\":\"https:\\\/\\\/20cdigital.websnebrija.es\\\/lacoletera\\\/?page_id=68\",\"name\":\"Tendencias - La Coletera\",\"isPartOf\":{\"@id\":\"https:\\\/\\\/20cdigital.websnebrija.es\\\/lacoletera\\\/#website\"},\"datePublished\":\"2020-11-29T15:28:17+00:00\",\"dateModified\":\"2021-01-01T11:15:51+00:00\",\"breadcrumb\":{\"@id\":\"https:\\\/\\\/20cdigital.websnebrija.es\\\/lacoletera\\\/?page_id=68#breadcrumb\"},\"inLanguage\":\"es\",\"potentialAction\":[{\"@type\":\"ReadAction\",\"target\":[\"https:\\\/\\\/20cdigital.websnebrija.es\\\/lacoletera\\\/?page_id=68\"]}]},{\"@type\":\"BreadcrumbList\",\"@id\":\"https:\\\/\\\/20cdigital.websnebrija.es\\\/lacoletera\\\/?page_id=68#breadcrumb\",\"itemListElement\":[{\"@type\":\"ListItem\",\"position\":1,\"name\":\"Home\",\"item\":\"https:\\\/\\\/20cdigital.websnebrija.es\\\/lacoletera\"},{\"@type\":\"ListItem\",\"position\":2,\"name\":\"Tendencias\"}]},{\"@type\":\"WebSite\",\"@id\":\"https:\\\/\\\/20cdigital.websnebrija.es\\\/lacoletera\\\/#website\",\"url\":\"https:\\\/\\\/20cdigital.websnebrija.es\\\/lacoletera\\\/\",\"name\":\"La Coletera\",\"description\":\"Si buscas coleteros de pelo, este es tu blog\",\"potentialAction\":[{\"@type\":\"SearchAction\",\"target\":{\"@type\":\"EntryPoint\",\"urlTemplate\":\"https:\\\/\\\/20cdigital.websnebrija.es\\\/lacoletera\\\/?s={search_term_string}\"},\"query-input\":{\"@type\":\"PropertyValueSpecification\",\"valueRequired\":true,\"valueName\":\"search_term_string\"}}],\"inLanguage\":\"es\"}]}<\/script>\n<!-- \/ Yoast SEO plugin. -->","yoast_head_json":{"title":"Tendencias - La Coletera","robots":{"index":"index","follow":"follow","max-snippet":"max-snippet:-1","max-image-preview":"max-image-preview:large","max-video-preview":"max-video-preview:-1"},"canonical":"https:\/\/20cdigital.websnebrija.es\/lacoletera\/?page_id=68","og_locale":"es_ES","og_type":"article","og_title":"Tendencias - La Coletera","og_description":"COLETEROS GIGANTES SABER M\u00c1S COLETEROS DE PELO EFECTO PELO DE ANIMAL SABER M\u00c1S COLETEROS DE PANA SABER M\u00c1S COLETEROS DE CUADROS SABER M\u00c1S COLETEROS EFECTO SATINADO SABER M\u00c1S COLETEROS DE TERCIOPELO SABER M\u00c1S","og_url":"https:\/\/20cdigital.websnebrija.es\/lacoletera\/?page_id=68","og_site_name":"La Coletera","article_modified_time":"2021-01-01T11:15:51+00:00","twitter_card":"summary_large_image","schema":{"@context":"https:\/\/schema.org","@graph":[{"@type":"WebPage","@id":"https:\/\/20cdigital.websnebrija.es\/lacoletera\/?page_id=68","url":"https:\/\/20cdigital.websnebrija.es\/lacoletera\/?page_id=68","name":"Tendencias - La Coletera","isPartOf":{"@id":"https:\/\/20cdigital.websnebrija.es\/lacoletera\/#website"},"datePublished":"2020-11-29T15:28:17+00:00","dateModified":"2021-01-01T11:15:51+00:00","breadcrumb":{"@id":"https:\/\/20cdigital.websnebrija.es\/lacoletera\/?page_id=68#breadcrumb"},"inLanguage":"es","potentialAction":[{"@type":"ReadAction","target":["https:\/\/20cdigital.websnebrija.es\/lacoletera\/?page_id=68"]}]},{"@type":"BreadcrumbList","@id":"https:\/\/20cdigital.websnebrija.es\/lacoletera\/?page_id=68#breadcrumb","itemListElement":[{"@type":"ListItem","position":1,"name":"Home","item":"https:\/\/20cdigital.websnebrija.es\/lacoletera"},{"@type":"ListItem","position":2,"name":"Tendencias"}]},{"@type":"WebSite","@id":"https:\/\/20cdigital.websnebrija.es\/lacoletera\/#website","url":"https:\/\/20cdigital.websnebrija.es\/lacoletera\/","name":"La Coletera","description":"Si buscas coleteros de pelo, este es tu blog","potentialAction":[{"@type":"SearchAction","target":{"@type":"EntryPoint","urlTemplate":"https:\/\/20cdigital.websnebrija.es\/lacoletera\/?s={search_term_string}"},"query-input":{"@type":"PropertyValueSpecification","valueRequired":true,"valueName":"search_term_string"}}],"inLanguage":"es"}]}},"_links":{"self":[{"href":"https:\/\/20cdigital.websnebrija.es\/lacoletera\/index.php?rest_route=\/wp\/v2\/pages\/68","targetHints":{"allow":["GET"]}}],"collection":[{"href":"https:\/\/20cdigital.websnebrija.es\/lacoletera\/index.php?rest_route=\/wp\/v2\/pages"}],"about":[{"href":"https:\/\/20cdigital.websnebrija.es\/lacoletera\/index.php?rest_route=\/wp\/v2\/types\/page"}],"author":[{"embeddable":true,"href":"https:\/\/20cdigital.websnebrija.es\/lacoletera\/index.php?rest_route=\/wp\/v2\/users\/1"}],"replies":[{"embeddable":true,"href":"https:\/\/20cdigital.websnebrija.es\/lacoletera\/index.php?rest_route=%2Fwp%2Fv2%2Fcomments&post=68"}],"version-history":[{"count":5,"href":"https:\/\/20cdigital.websnebrija.es\/lacoletera\/index.php?rest_route=\/wp\/v2\/pages\/68\/revisions"}],"predecessor-version":[{"id":262,"href":"https:\/\/20cdigital.websnebrija.es\/lacoletera\/index.php?rest_route=\/wp\/v2\/pages\/68\/revisions\/262"}],"wp:attachment":[{"href":"https:\/\/20cdigital.websnebrija.es\/lacoletera\/index.php?rest_route=%2Fwp%2Fv2%2Fmedia&parent=68"}],"curies":[{"name":"wp","href":"https:\/\/api.w.org\/{rel}","templated":true}]}}